{"id":28,"date":"2024-08-11T20:47:09","date_gmt":"2024-08-12T01:47:09","guid":{"rendered":"https:\/\/alpaka-fashion.com\/?page_id=28"},"modified":"2024-08-22T22:35:36","modified_gmt":"2024-08-23T03:35:36","slug":"nosotros","status":"publish","type":"page","link":"https:\/\/alpaka-fashion.com\/en\/nosotros\/","title":{"rendered":"About Us"},"content":{"rendered":"<div data-elementor-type=\"wp-page\" data-elementor-id=\"28\" class=\"elementor elementor-28\" data-elementor-post-type=\"page\">\n\t\t\t\t<div class=\"elementor-element elementor-element-5f8d0ba e-flex e-con-boxed e-con e-parent\" data-id=\"5f8d0ba\" data-element_type=\"container\" data-e-type=\"container\">\n\t\t\t\t\t<div class=\"e-con-inner\">\n\t\t\t\t<div class=\"elementor-element elementor-element-103d86e elementor-widget elementor-widget-heading\" data-id=\"103d86e\" data-element_type=\"widget\" data-e-type=\"widget\" data-widget_type=\"heading.default\">\n\t\t\t\t<div class=\"elementor-widget-container\">\n\t\t\t\t\t<h2 class=\"elementor-heading-title elementor-size-default\">About Us<\/h2>\t\t\t\t<\/div>\n\t\t\t\t<\/div>\n\t\t\t\t\t<\/div>\n\t\t\t\t<\/div>\n\t\t<div class=\"elementor-element elementor-element-7bf0766 e-flex e-con-boxed e-con e-parent\" data-id=\"7bf0766\" data-element_type=\"container\" data-e-type=\"container\" data-settings=\"{&quot;background_background&quot;:&quot;classic&quot;}\">\n\t\t\t\t\t<div class=\"e-con-inner\">\n\t\t\t\t<div class=\"elementor-element elementor-element-f0cc76f elementor-widget elementor-widget-text-editor\" data-id=\"f0cc76f\" data-element_type=\"widget\" data-e-type=\"widget\" data-widget_type=\"text-editor.default\">\n\t\t\t\t<div class=\"elementor-widget-container\">\n\t\t\t\t\t\t\t\t\tWe are a boutique factory with over <strong>30 years of experience <\/strong> in the national<br>\nand international textile sector, specialized in knitted fabrics made from natural fibers.\t\t\t\t\t\t\t\t<\/div>\n\t\t\t\t<\/div>\n\t\t\t\t<div class=\"elementor-element elementor-element-d77a9c9 elementor-widget elementor-widget-text-editor\" data-id=\"d77a9c9\" data-element_type=\"widget\" data-e-type=\"widget\" data-widget_type=\"text-editor.default\">\n\t\t\t\t<div class=\"elementor-widget-container\">\n\t\t\t\t\t\t\t\t\tOur mission is to offer the national and international market high-quality garments, produced in<br>medium and large quantities with natural fibers, combining excellence, creativity, dedication, and<br>sustainability.\t\t\t\t\t\t\t\t<\/div>\n\t\t\t\t<\/div>\n\t\t<div class=\"elementor-element elementor-element-b3ee5f1 e-con-full e-flex e-con e-child\" data-id=\"b3ee5f1\" data-element_type=\"container\" data-e-type=\"container\">\n\t\t<div class=\"elementor-element elementor-element-25cd38f e-con-full e-flex e-con e-child\" data-id=\"25cd38f\" data-element_type=\"container\" data-e-type=\"container\">\n\t\t\t\t<div class=\"elementor-element elementor-element-4917734 elementor-widget elementor-widget-image\" data-id=\"4917734\" data-element_type=\"widget\" data-e-type=\"widget\" data-widget_type=\"image.default\">\n\t\t\t\t<div class=\"elementor-widget-container\">\n\t\t\t\t\t\t\t\t\t\t\t\t\t\t\t<img fetchpriority=\"high\" decoding=\"async\" width=\"360\" height=\"316\" src=\"https:\/\/alpaka-fashion.com\/wp-content\/uploads\/2024\/08\/NOSOTROS-1p.png\" class=\"attachment-medium_large size-medium_large wp-image-77\" alt=\"\" srcset=\"https:\/\/alpaka-fashion.com\/wp-content\/uploads\/2024\/08\/NOSOTROS-1p.png 360w, https:\/\/alpaka-fashion.com\/wp-content\/uploads\/2024\/08\/NOSOTROS-1p-300x263.png 300w\" sizes=\"(max-width: 360px) 100vw, 360px\" \/>\t\t\t\t\t\t\t\t\t\t\t\t\t\t\t<\/div>\n\t\t\t\t<\/div>\n\t\t\t\t<\/div>\n\t\t<div class=\"elementor-element elementor-element-561e8b8 e-con-full e-flex e-con e-child\" data-id=\"561e8b8\" data-element_type=\"container\" data-e-type=\"container\">\n\t\t\t\t<div class=\"elementor-element elementor-element-4015e3d elementor-widget elementor-widget-image\" data-id=\"4015e3d\" data-element_type=\"widget\" data-e-type=\"widget\" data-widget_type=\"image.default\">\n\t\t\t\t<div class=\"elementor-widget-container\">\n\t\t\t\t\t\t\t\t\t\t\t\t\t\t\t<img decoding=\"async\" width=\"360\" height=\"316\" src=\"https:\/\/alpaka-fashion.com\/wp-content\/uploads\/2024\/08\/NOSOTROS-2p.png\" class=\"attachment-medium_large size-medium_large wp-image-79\" alt=\"\" srcset=\"https:\/\/alpaka-fashion.com\/wp-content\/uploads\/2024\/08\/NOSOTROS-2p.png 360w, https:\/\/alpaka-fashion.com\/wp-content\/uploads\/2024\/08\/NOSOTROS-2p-300x263.png 300w\" sizes=\"(max-width: 360px) 100vw, 360px\" \/>\t\t\t\t\t\t\t\t\t\t\t\t\t\t\t<\/div>\n\t\t\t\t<\/div>\n\t\t\t\t<\/div>\n\t\t<div class=\"elementor-element elementor-element-b8f8831 e-con-full e-flex e-con e-child\" data-id=\"b8f8831\" data-element_type=\"container\" data-e-type=\"container\">\n\t\t\t\t<div class=\"elementor-element elementor-element-c02cff2 elementor-widget elementor-widget-image\" data-id=\"c02cff2\" data-element_type=\"widget\" data-e-type=\"widget\" data-widget_type=\"image.default\">\n\t\t\t\t<div class=\"elementor-widget-container\">\n\t\t\t\t\t\t\t\t\t\t\t\t\t\t\t<img decoding=\"async\" width=\"360\" height=\"316\" src=\"https:\/\/alpaka-fashion.com\/wp-content\/uploads\/2024\/08\/NOSOTROS-3p.png\" class=\"attachment-medium_large size-medium_large wp-image-78\" alt=\"\" srcset=\"https:\/\/alpaka-fashion.com\/wp-content\/uploads\/2024\/08\/NOSOTROS-3p.png 360w, https:\/\/alpaka-fashion.com\/wp-content\/uploads\/2024\/08\/NOSOTROS-3p-300x263.png 300w\" sizes=\"(max-width: 360px) 100vw, 360px\" \/>\t\t\t\t\t\t\t\t\t\t\t\t\t\t\t<\/div>\n\t\t\t\t<\/div>\n\t\t\t\t<\/div>\n\t\t\t\t<\/div>\n\t\t\t\t\t<\/div>\n\t\t\t\t<\/div>\n\t\t<div class=\"elementor-element elementor-element-01dbe08 e-flex e-con-boxed e-con e-parent\" data-id=\"01dbe08\" data-element_type=\"container\" data-e-type=\"container\" data-settings=\"{&quot;background_background&quot;:&quot;classic&quot;}\">\n\t\t\t\t\t<div class=\"e-con-inner\">\n\t\t<div class=\"elementor-element elementor-element-0ec89b6 e-con-full e-flex e-con e-child\" data-id=\"0ec89b6\" data-element_type=\"container\" data-e-type=\"container\" data-settings=\"{&quot;background_background&quot;:&quot;classic&quot;}\">\n\t\t\t\t<div class=\"elementor-element elementor-element-dbf09d1 elementor-widget elementor-widget-heading\" data-id=\"dbf09d1\" data-element_type=\"widget\" data-e-type=\"widget\" data-widget_type=\"heading.default\">\n\t\t\t\t<div class=\"elementor-widget-container\">\n\t\t\t\t\t<h2 class=\"elementor-heading-title elementor-size-default\">SOCIAL<\/h2>\t\t\t\t<\/div>\n\t\t\t\t<\/div>\n\t\t\t\t<div class=\"elementor-element elementor-element-4099882 elementor-widget elementor-widget-heading\" data-id=\"4099882\" data-element_type=\"widget\" data-e-type=\"widget\" data-widget_type=\"heading.default\">\n\t\t\t\t<div class=\"elementor-widget-container\">\n\t\t\t\t\t<h2 class=\"elementor-heading-title elementor-size-default\">resposability<\/h2>\t\t\t\t<\/div>\n\t\t\t\t<\/div>\n\t\t\t\t<div class=\"elementor-element elementor-element-a96ee82 elementor-widget elementor-widget-text-editor\" data-id=\"a96ee82\" data-element_type=\"widget\" data-e-type=\"widget\" data-widget_type=\"text-editor.default\">\n\t\t\t\t<div class=\"elementor-widget-container\">\n\t\t\t\t\t\t\t\t\tWe are committed to the development of Peruvian society, especially that of low-income women. Therefore, in addition to creating various job opportunities for them, we provide training through textile workshops so they can achieve professional success in the short and medium term. \t\t\t\t\t\t\t\t<\/div>\n\t\t\t\t<\/div>\n\t\t\t\t<\/div>\n\t\t\t\t\t<\/div>\n\t\t\t\t<\/div>\n\t\t<div class=\"elementor-element elementor-element-8aed314 e-flex e-con-boxed e-con e-parent\" data-id=\"8aed314\" data-element_type=\"container\" data-e-type=\"container\">\n\t\t\t\t\t<div class=\"e-con-inner\">\n\t\t<div class=\"elementor-element elementor-element-527c458 e-con-full e-flex e-con e-child\" data-id=\"527c458\" data-element_type=\"container\" data-e-type=\"container\">\n\t\t\t\t<div class=\"elementor-element elementor-element-15e5374 elementor-widget elementor-widget-heading\" data-id=\"15e5374\" data-element_type=\"widget\" data-e-type=\"widget\" data-widget_type=\"heading.default\">\n\t\t\t\t<div class=\"elementor-widget-container\">\n\t\t\t\t\t<h2 class=\"elementor-heading-title elementor-size-default\">Suppliers<\/h2>\t\t\t\t<\/div>\n\t\t\t\t<\/div>\n\t\t\t\t<div class=\"elementor-element elementor-element-96891b4 elementor-widget elementor-widget-heading\" data-id=\"96891b4\" data-element_type=\"widget\" data-e-type=\"widget\" data-widget_type=\"heading.default\">\n\t\t\t\t<div class=\"elementor-widget-container\">\n\t\t\t\t\t<h2 class=\"elementor-heading-title elementor-size-default\">Raw Material<\/h2>\t\t\t\t<\/div>\n\t\t\t\t<\/div>\n\t\t\t\t<\/div>\n\t\t<div class=\"elementor-element elementor-element-aa5bcd5 e-con-full e-flex e-con e-child\" data-id=\"aa5bcd5\" data-element_type=\"container\" data-e-type=\"container\">\n\t\t<div class=\"elementor-element elementor-element-9c17563 e-con-full e-flex e-con e-child\" data-id=\"9c17563\" data-element_type=\"container\" data-e-type=\"container\">\n\t\t\t\t<div class=\"elementor-element elementor-element-45b7c76 elementor-widget elementor-widget-image\" data-id=\"45b7c76\" data-element_type=\"widget\" data-e-type=\"widget\" data-widget_type=\"image.default\">\n\t\t\t\t<div class=\"elementor-widget-container\">\n\t\t\t\t\t\t\t\t\t\t\t\t\t\t\t<img loading=\"lazy\" decoding=\"async\" width=\"300\" height=\"238\" src=\"https:\/\/alpaka-fashion.com\/wp-content\/uploads\/2024\/08\/inca-tops-300x238.jpg\" class=\"attachment-medium size-medium wp-image-124\" alt=\"\" srcset=\"https:\/\/alpaka-fashion.com\/wp-content\/uploads\/2024\/08\/inca-tops-300x238.jpg 300w, https:\/\/alpaka-fashion.com\/wp-content\/uploads\/2024\/08\/inca-tops.jpg 360w\" sizes=\"(max-width: 300px) 100vw, 300px\" \/>\t\t\t\t\t\t\t\t\t\t\t\t\t\t\t<\/div>\n\t\t\t\t<\/div>\n\t\t\t\t<\/div>\n\t\t<div class=\"elementor-element elementor-element-ce749ce e-con-full e-flex e-con e-child\" data-id=\"ce749ce\" data-element_type=\"container\" data-e-type=\"container\">\n\t\t\t\t<div class=\"elementor-element elementor-element-dbb3f47 elementor-widget elementor-widget-image\" data-id=\"dbb3f47\" data-element_type=\"widget\" data-e-type=\"widget\" data-widget_type=\"image.default\">\n\t\t\t\t<div class=\"elementor-widget-container\">\n\t\t\t\t\t\t\t\t\t\t\t\t\t\t\t<img loading=\"lazy\" decoding=\"async\" width=\"300\" height=\"238\" src=\"https:\/\/alpaka-fashion.com\/wp-content\/uploads\/2024\/08\/michelle-300x238.jpg\" class=\"attachment-medium size-medium wp-image-123\" alt=\"\" srcset=\"https:\/\/alpaka-fashion.com\/wp-content\/uploads\/2024\/08\/michelle-300x238.jpg 300w, https:\/\/alpaka-fashion.com\/wp-content\/uploads\/2024\/08\/michelle.jpg 560w\" sizes=\"(max-width: 300px) 100vw, 300px\" \/>\t\t\t\t\t\t\t\t\t\t\t\t\t\t\t<\/div>\n\t\t\t\t<\/div>\n\t\t\t\t<\/div>\n\t\t<div class=\"elementor-element elementor-element-6e827ad e-con-full e-flex e-con e-child\" data-id=\"6e827ad\" data-element_type=\"container\" data-e-type=\"container\">\n\t\t\t\t<div class=\"elementor-element elementor-element-7b955e2 elementor-widget elementor-widget-image\" data-id=\"7b955e2\" data-element_type=\"widget\" data-e-type=\"widget\" data-widget_type=\"image.default\">\n\t\t\t\t<div class=\"elementor-widget-container\">\n\t\t\t\t\t\t\t\t\t\t\t\t\t\t\t<img loading=\"lazy\" decoding=\"async\" width=\"300\" height=\"238\" src=\"https:\/\/alpaka-fashion.com\/wp-content\/uploads\/2024\/08\/la-colonial-300x238.jpg\" class=\"attachment-medium size-medium wp-image-125\" alt=\"\" srcset=\"https:\/\/alpaka-fashion.com\/wp-content\/uploads\/2024\/08\/la-colonial-300x238.jpg 300w, https:\/\/alpaka-fashion.com\/wp-content\/uploads\/2024\/08\/la-colonial.jpg 560w\" sizes=\"(max-width: 300px) 100vw, 300px\" \/>\t\t\t\t\t\t\t\t\t\t\t\t\t\t\t<\/div>\n\t\t\t\t<\/div>\n\t\t\t\t<\/div>\n\t\t\t\t<\/div>\n\t\t\t\t\t<\/div>\n\t\t\t\t<\/div>\n\t\t\t\t<\/div>","protected":false},"excerpt":{"rendered":"<p>NOSOTROS Somos una f\u00e1brica boutique, con m\u00e1s de 30 a\u00f1os de experiencia en el sector textil nacional e internacional, especializada en tejido de punto a base de fibras naturales.Nuestra misi\u00f3n es ofrecer al mercado nacional e internacional prendas de alta calidad, fabricadas enmedianas y grandes cantidades con fibras naturales, combinando excelencia, creatividad, dedicaci\u00f3n ysostenibilidad. Responsabilidad [&hellip;]<\/p>\n","protected":false},"author":1,"featured_media":0,"parent":0,"menu_order":0,"comment_status":"closed","ping_status":"closed","template":"","meta":{"footnotes":""},"class_list":["post-28","page","type-page","status-publish","hentry"],"_links":{"self":[{"href":"https:\/\/alpaka-fashion.com\/en\/wp-json\/wp\/v2\/pages\/28","targetHints":{"allow":["GET"]}}],"collection":[{"href":"https:\/\/alpaka-fashion.com\/en\/wp-json\/wp\/v2\/pages"}],"about":[{"href":"https:\/\/alpaka-fashion.com\/en\/wp-json\/wp\/v2\/types\/page"}],"author":[{"embeddable":true,"href":"https:\/\/alpaka-fashion.com\/en\/wp-json\/wp\/v2\/users\/1"}],"replies":[{"embeddable":true,"href":"https:\/\/alpaka-fashion.com\/en\/wp-json\/wp\/v2\/comments?post=28"}],"version-history":[{"count":148,"href":"https:\/\/alpaka-fashion.com\/en\/wp-json\/wp\/v2\/pages\/28\/revisions"}],"predecessor-version":[{"id":804,"href":"https:\/\/alpaka-fashion.com\/en\/wp-json\/wp\/v2\/pages\/28\/revisions\/804"}],"wp:attachment":[{"href":"https:\/\/alpaka-fashion.com\/en\/wp-json\/wp\/v2\/media?parent=28"}],"curies":[{"name":"wp","href":"https:\/\/api.w.org\/{rel}","templated":true}]}}